{"id":3517,"date":"2023-04-06T14:47:11","date_gmt":"2023-04-06T18:47:11","guid":{"rendered":"https:\/\/arrimagedom.org\/?page_id=3517"},"modified":"2023-10-17T14:46:28","modified_gmt":"2023-10-17T18:46:28","slug":"legal-notice","status":"publish","type":"page","link":"https:\/\/arrimagedom.org\/en\/mentions-legales\/","title":{"rendered":"Terms of use"},"content":{"rendered":"<p>In accordance with the provisions of Articles 6-III and 19 of Law n\u00b02004-575 of June 21, 2004 for the<br>Confiance dans l'\u00e9conomie num\u00e9rique, known as L.C.E.N., it is brought to the attention of users and<br>visitors, hereinafter the\u2019<strong>User<\/strong>, of the https:\/\/arrimagedom.org website, hereinafter referred to as the \u00abSite\u00bb.<br>legal information.<\/p>\n\n\n\n<p><br>Connection to and browsing of the Site by the User implies full and unreserved acceptance of the following terms and conditions.<br>of the present legal notice.<br>These are available on the Site under the heading \u00abLegal information\u00bb.<\/p>\n\n\n\n<p><\/p>\n\n\n\n<h4 class=\"wp-block-heading\">ARTICLE 1 - THE PUBLISHER<\/h4>\n\n\n\n<p>The Site is edited and published by Lucie SABAN, domiciled 11 rue<br>schoelcher, Route le marisol 97110 POINTE-\u00c0-PITRE, whose telephone number is<br><strong><em><strong><em>___<\/em><\/strong><\/em><\/strong>, and e-mail address arrimagedom@gmail.com.<br>hereinafter the '<strong>Publisher<\/strong>\u00ab\u00a0.<\/p>\n\n\n\n<p><\/p>\n\n\n\n<h4 class=\"wp-block-heading\">ARTICLE 2 - THE HOST<\/h4>\n\n\n\n<p>The Site's host is Infomaniak, whose head office is located at Rue Eug\u00e8ne-Marziano.<br>25, 1227 Geneva, Switzerland , with phone number : <strong><em><strong><em>___<\/em><\/strong><\/em><\/strong> + e-mail address of<br>contact<\/p>\n\n\n\n<h4 class=\"wp-block-heading\">ARTICLE 3 - ACCESS TO THE SITE<\/h4>\n\n\n\n<p>The Site is accessible anywhere, 7\/7, 24\/24, except in the event of force majeure, interruption of service, etc.<br>which may be scheduled or unscheduled, and which may result from a need for maintenance.<br><\/p>\n\n\n\n<h4 class=\"wp-block-heading\">ARTICLE 4 - DATA COLLECTION<\/h4>\n\n\n\n<p>The Site ensures that the User's personal information is collected and processed in compliance with the following principles<br>of privacy in accordance with law no. 78-17 of January 6, 1978 on data processing, data files and individual liberties.<br>and freedoms.<br>In accordance with the French Data Protection Act of January 6, 1978, the User has the right to<br>access, rectification, deletion and opposition of their personal data. The user<br>exercises this right :<br><br>- by e-mail to contact@arrimagedom.org<br>- via a contact form ;<\/p>\n\n\n\n<p><br>Any use, reproduction, distribution, marketing, modification of all or part of the Site,<br>without the Publisher's authorization is prohibited and may result in legal action and prosecution.<br>as provided for in the French Intellectual Property Code and the French Civil Code.<br>For further information on the protection of personal data, please refer to the<br>Privacy policy for https:\/\/arrimagedom.org<br>in the \u00abPersonal data\u00bb section\u00bb<br><\/p>\n\n\n\n<p>For further information on cookies, please refer to the Cookie Charter of the site<br>https:\/\/arrimagedom.org in the \u00abCookies\u00bb section\u00bb<\/p>\n\n\n\n<p><\/p>","protected":false},"excerpt":{"rendered":"<p>Conform\u00e9ment aux dispositions des Articles 6-III et 19 de la Loi n\u00b02004-575 du 21 juin 2004 pour laConfiance dans l\u2019\u00e9conomie num\u00e9rique, dite L.C.E.N., il est port\u00e9 \u00e0 la connaissance des utilisateurs etvisiteurs, ci-apr\u00e8s l&rsquo;Utilisateur, du site https:\/\/arrimagedom.org , ci-apr\u00e8s le \u00ab\u00a0Site\u00a0\u00bb, les pr\u00e9sentesmentions l\u00e9gales. La connexion et la navigation sur le Site par l\u2019Utilisateur implique [&hellip;]<\/p>\n","protected":false},"author":2,"featured_media":0,"parent":0,"menu_order":0,"comment_status":"closed","ping_status":"closed","template":"","meta":{"_et_pb_use_builder":"off","_et_pb_old_content":"","_et_gb_content_width":"","inline_featured_image":false,"footnotes":""},"class_list":["post-3517","page","type-page","status-publish","hentry"],"acf":[],"_links":{"self":[{"href":"https:\/\/arrimagedom.org\/en\/wp-json\/wp\/v2\/pages\/3517","targetHints":{"allow":["GET"]}}],"collection":[{"href":"https:\/\/arrimagedom.org\/en\/wp-json\/wp\/v2\/pages"}],"about":[{"href":"https:\/\/arrimagedom.org\/en\/wp-json\/wp\/v2\/types\/page"}],"author":[{"embeddable":true,"href":"https:\/\/arrimagedom.org\/en\/wp-json\/wp\/v2\/users\/2"}],"replies":[{"embeddable":true,"href":"https:\/\/arrimagedom.org\/en\/wp-json\/wp\/v2\/comments?post=3517"}],"version-history":[{"count":4,"href":"https:\/\/arrimagedom.org\/en\/wp-json\/wp\/v2\/pages\/3517\/revisions"}],"predecessor-version":[{"id":6505,"href":"https:\/\/arrimagedom.org\/en\/wp-json\/wp\/v2\/pages\/3517\/revisions\/6505"}],"wp:attachment":[{"href":"https:\/\/arrimagedom.org\/en\/wp-json\/wp\/v2\/media?parent=3517"}],"curies":[{"name":"wp","href":"https:\/\/api.w.org\/{rel}","templated":true}]}}