{"id":3514,"date":"2023-04-06T14:37:17","date_gmt":"2023-04-06T18:37:17","guid":{"rendered":"https:\/\/arrimagedom.org\/?page_id=3514"},"modified":"2023-06-02T09:48:09","modified_gmt":"2023-06-02T13:48:09","slug":"accessibility","status":"publish","type":"page","link":"https:\/\/arrimagedom.org\/en\/accessibilite\/","title":{"rendered":"Accessibility"},"content":{"rendered":"<p>This website has been built using HTML and the style impagination has been built using CSS.<\/p>\n\n\n\n<p>When designing the site, we took into account the guidelines and best practices of the WAI (Web Accessibility Initiative, a W3C group that deals with accessibility issues and has drawn up guidelines for the creation of accessible content for the web; see WCAG - Web Content Accessibility Guidelines).<\/p>\n\n\n\n<p>The correct display of the contents of this site has been tested with the following browsers:<\/p>\n\n\n\n<pre class=\"wp-block-code\"><code>Google Chrome\nInternet Explorer \/ Edge\nMozilla Firefox\nOpera\nSafari<\/code><\/pre>\n\n\n\n<p>Operating systems :<\/p>\n\n\n\n<pre class=\"wp-block-code\"><code>Windows\nMac OS\nLinux Debian\nLinux Ubuntu<\/code><\/pre>\n\n\n\n<p>The website is fully responsive and works on all mobile devices such as smartphones and tablets.<\/p>","protected":false},"excerpt":{"rendered":"<p>Ce site web a \u00e9t\u00e9 construit en utilisant le langage HTML et l&rsquo;impagination de style a \u00e9t\u00e9 construite avec CSS. Lors de la conception du site, nous avons tenu compte des lignes directrices et des meilleures pratiques de la WAI (Web Accessibility Initiative, un groupe du W3C qui s&rsquo;occupe des questions d&rsquo;accessibilit\u00e9 et qui a [&hellip;]<\/p>\n","protected":false},"author":2,"featured_media":0,"parent":0,"menu_order":0,"comment_status":"closed","ping_status":"closed","template":"","meta":{"_et_pb_use_builder":"off","_et_pb_old_content":"<!-- wp:divi\/placeholder \/-->","_et_gb_content_width":"","inline_featured_image":false,"footnotes":""},"class_list":["post-3514","page","type-page","status-publish","hentry"],"acf":[],"_links":{"self":[{"href":"https:\/\/arrimagedom.org\/en\/wp-json\/wp\/v2\/pages\/3514","targetHints":{"allow":["GET"]}}],"collection":[{"href":"https:\/\/arrimagedom.org\/en\/wp-json\/wp\/v2\/pages"}],"about":[{"href":"https:\/\/arrimagedom.org\/en\/wp-json\/wp\/v2\/types\/page"}],"author":[{"embeddable":true,"href":"https:\/\/arrimagedom.org\/en\/wp-json\/wp\/v2\/users\/2"}],"replies":[{"embeddable":true,"href":"https:\/\/arrimagedom.org\/en\/wp-json\/wp\/v2\/comments?post=3514"}],"version-history":[{"count":4,"href":"https:\/\/arrimagedom.org\/en\/wp-json\/wp\/v2\/pages\/3514\/revisions"}],"predecessor-version":[{"id":5277,"href":"https:\/\/arrimagedom.org\/en\/wp-json\/wp\/v2\/pages\/3514\/revisions\/5277"}],"wp:attachment":[{"href":"https:\/\/arrimagedom.org\/en\/wp-json\/wp\/v2\/media?parent=3514"}],"curies":[{"name":"wp","href":"https:\/\/api.w.org\/{rel}","templated":true}]}}